{"id":13,"date":"2019-06-11T19:05:00","date_gmt":"2019-06-11T19:05:00","guid":{"rendered":"http:\/\/geschichte.wyhl-heimatverein.de\/?page_id=13"},"modified":"2026-05-04T06:44:54","modified_gmt":"2026-05-04T06:44:54","slug":"home","status":"publish","type":"page","link":"https:\/\/www.heimatverein-wyhl.de\/","title":{"rendered":"Daheim"},"content":{"rendered":"\r\n\r\n\r\n<h2 class=\"wp-block-heading\" style=\"text-align: center;\" data-path-to-node=\"5\">Wir sind der Heimatverein Wyhl a.K. e.V.<br>Das Vorstandsteam<\/h2>\r\n<p><a href=\"http:\/\/www.heimatverein-wyhl.de\/wp-content\/uploads\/2026\/04\/IMG_0435-scaled.jpeg\"><img loading=\"lazy\" decoding=\"async\" class=\"wp-image-998 aligncenter\" src=\"http:\/\/www.heimatverein-wyhl.de\/wp-content\/uploads\/2026\/04\/IMG_0435-300x200.jpeg\" alt=\"\" width=\"434\" height=\"289\" srcset=\"https:\/\/www.heimatverein-wyhl.de\/wp-content\/uploads\/2026\/04\/IMG_0435-300x200.jpeg 300w, https:\/\/www.heimatverein-wyhl.de\/wp-content\/uploads\/2026\/04\/IMG_0435-1024x683.jpeg 1024w, https:\/\/www.heimatverein-wyhl.de\/wp-content\/uploads\/2026\/04\/IMG_0435-768x512.jpeg 768w, https:\/\/www.heimatverein-wyhl.de\/wp-content\/uploads\/2026\/04\/IMG_0435-1536x1024.jpeg 1536w, https:\/\/www.heimatverein-wyhl.de\/wp-content\/uploads\/2026\/04\/IMG_0435-2048x1366.jpeg 2048w\" sizes=\"auto, (max-width: 434px) 100vw, 434px\" \/><\/a><\/p>\r\n<p style=\"text-align: center;\">Heiko, Manfred, Natascha, J\u00fcrgen, Christine, Thomas, Michaela, J\u00fcrgen, Harald<\/p>\r\n<p>&nbsp;<\/p>\r\n<p>&nbsp;<\/p>\r\n<p><a href=\"http:\/\/www.heimatverein-wyhl.de\/wp-content\/uploads\/2026\/04\/LogomitSchriftzug.jpg\"><img loading=\"lazy\" decoding=\"async\" class=\"size-full wp-image-934 alignleft\" src=\"http:\/\/www.heimatverein-wyhl.de\/wp-content\/uploads\/2026\/04\/LogomitSchriftzug.jpg\" alt=\"\" width=\"217\" height=\"162\"><\/a><\/p>\r\n<h2><strong>unser neues Logo<\/strong><\/h2>\r\n<h2>&nbsp;<\/h2>\r\n<h2><a href=\"http:\/\/www.heimatverein-wyhl.de\/wp-content\/uploads\/2026\/04\/IMG_0434-scaled.jpeg\"><img loading=\"lazy\" decoding=\"async\" class=\"wp-image-999 aligncenter\" src=\"http:\/\/www.heimatverein-wyhl.de\/wp-content\/uploads\/2026\/04\/IMG_0434-300x81.jpeg\" alt=\"\" width=\"722\" height=\"195\" srcset=\"https:\/\/www.heimatverein-wyhl.de\/wp-content\/uploads\/2026\/04\/IMG_0434-300x81.jpeg 300w, https:\/\/www.heimatverein-wyhl.de\/wp-content\/uploads\/2026\/04\/IMG_0434-1024x276.jpeg 1024w, https:\/\/www.heimatverein-wyhl.de\/wp-content\/uploads\/2026\/04\/IMG_0434-768x207.jpeg 768w, https:\/\/www.heimatverein-wyhl.de\/wp-content\/uploads\/2026\/04\/IMG_0434-1536x414.jpeg 1536w, https:\/\/www.heimatverein-wyhl.de\/wp-content\/uploads\/2026\/04\/IMG_0434-2048x552.jpeg 2048w\" sizes=\"auto, (max-width: 722px) 100vw, 722px\" \/><\/a><\/h2>\r\n<p>&nbsp;<\/p>\r\n<h2 data-path-to-node=\"5\">Herzlich willkommen beim Heimatverein Wyhl e.V.!<\/h2>\r\n<p data-path-to-node=\"6\"><b data-path-to-node=\"6\" data-index-in-node=\"0\">Geschichte ist mehr als nur Jahreszahlen \u2013 sie ist das, was uns verbindet.<\/b><\/p>\r\n<p data-path-to-node=\"7\">Seit 40 Jahren pflegen wir mit Leidenschaft die Traditionen und die Historie unserer sch\u00f6nen Gemeinde. Unser Ziel? Die Vergangenheit nicht nur zu bewahren, sondern sie im Hier und Jetzt gemeinsam lebendig zu machen. Ob im Heimatmuseum, bei unseren Ausstellungen oder im gem\u00fctlichen Austausch: Bei uns stehen die <b data-path-to-node=\"7\" data-index-in-node=\"312\">Menschen, Orte und Erinnerungen<\/b> im Mittelpunkt.<\/p>\r\n<p data-path-to-node=\"8\"><b data-path-to-node=\"8\" data-index-in-node=\"0\">Kommt vorbei und werdet Teil unserer Geschichte. Wir freuen uns auf Euch!<\/b><\/p>\r\n<p data-path-to-node=\"8\">_______________________________________________________________________________<\/p>\r\n<h2>&nbsp;<\/h2>\r\n<h2>Gem<a href=\"http:\/\/www.heimatverein-wyhl.de\/wp-content\/uploads\/2026\/04\/Plakat.png\"><img loading=\"lazy\" decoding=\"async\" class=\"wp-image-961 alignleft\" src=\"http:\/\/www.heimatverein-wyhl.de\/wp-content\/uploads\/2026\/04\/Plakat-255x300.png\" alt=\"\" width=\"255\" height=\"300\" srcset=\"https:\/\/www.heimatverein-wyhl.de\/wp-content\/uploads\/2026\/04\/Plakat-255x300.png 255w, https:\/\/www.heimatverein-wyhl.de\/wp-content\/uploads\/2026\/04\/Plakat.png 355w\" sizes=\"auto, (max-width: 255px) 100vw, 255px\" \/><\/a>eindejubil\u00e4um \u201e1100 Jahre Wyhl am Kaiserstuhl\u201c &#8211; Heimatmuseum ge\u00f6ffnet<\/h2>\r\n<p>Wir \u00f6ffnen am Jubil\u00e4umswochenende anl\u00e4sslich des Gemeindejubil\u00e4ums \u201e1100 Jahre Wyhl am Kaiserstuhl\u201c<br>das Heimatmuseum f\u00fcr euch<br><strong>am<\/strong> <strong>Samstag, 09.05.2026, von 11:00 bis 18:00 Uhr sowie <br>am Sonntag, 10.05.2026, von 11:00 bis 18:00 Uhr!<\/strong><\/p>\r\n<p>Highlight ist die Fotoausstellung<strong> \u201eMenschen \u2013 Orte \u2013 Erinnerungen\u201c.<br><\/strong>Kommt vorbei \u2013 wir freuen uns auf euch!<\/p>\r\n<p>&nbsp;<\/p>\r\n<p>&nbsp;<\/p>\r\n<p><a href=\"http:\/\/www.heimatverein-wyhl.de\/wp-content\/uploads\/2026\/04\/IMG_0370-scaled.jpeg\"><img loading=\"lazy\" decoding=\"async\" class=\"wp-image-1003 alignnone\" src=\"http:\/\/www.heimatverein-wyhl.de\/wp-content\/uploads\/2026\/04\/IMG_0370-300x225.jpeg\" alt=\"\" width=\"347\" height=\"260\" srcset=\"https:\/\/www.heimatverein-wyhl.de\/wp-content\/uploads\/2026\/04\/IMG_0370-300x225.jpeg 300w, https:\/\/www.heimatverein-wyhl.de\/wp-content\/uploads\/2026\/04\/IMG_0370-1024x768.jpeg 1024w, https:\/\/www.heimatverein-wyhl.de\/wp-content\/uploads\/2026\/04\/IMG_0370-768x576.jpeg 768w, https:\/\/www.heimatverein-wyhl.de\/wp-content\/uploads\/2026\/04\/IMG_0370-1536x1152.jpeg 1536w, https:\/\/www.heimatverein-wyhl.de\/wp-content\/uploads\/2026\/04\/IMG_0370-2048x1536.jpeg 2048w\" sizes=\"auto, (max-width: 347px) 100vw, 347px\" \/><\/a><a href=\"http:\/\/www.heimatverein-wyhl.de\/wp-content\/uploads\/2026\/04\/IMG_0371-Copy-Copy-scaled.jpeg\"><img loading=\"lazy\" decoding=\"async\" class=\"wp-image-1002 alignnone\" src=\"http:\/\/www.heimatverein-wyhl.de\/wp-content\/uploads\/2026\/04\/IMG_0371-Copy-Copy-300x300.jpeg\" alt=\"\" width=\"351\" height=\"351\" srcset=\"https:\/\/www.heimatverein-wyhl.de\/wp-content\/uploads\/2026\/04\/IMG_0371-Copy-Copy-300x300.jpeg 300w, https:\/\/www.heimatverein-wyhl.de\/wp-content\/uploads\/2026\/04\/IMG_0371-Copy-Copy-1024x1024.jpeg 1024w, https:\/\/www.heimatverein-wyhl.de\/wp-content\/uploads\/2026\/04\/IMG_0371-Copy-Copy-150x150.jpeg 150w, https:\/\/www.heimatverein-wyhl.de\/wp-content\/uploads\/2026\/04\/IMG_0371-Copy-Copy-768x768.jpeg 768w, https:\/\/www.heimatverein-wyhl.de\/wp-content\/uploads\/2026\/04\/IMG_0371-Copy-Copy-1536x1536.jpeg 1536w, https:\/\/www.heimatverein-wyhl.de\/wp-content\/uploads\/2026\/04\/IMG_0371-Copy-Copy-2048x2048.jpeg 2048w, https:\/\/www.heimatverein-wyhl.de\/wp-content\/uploads\/2026\/04\/IMG_0371-Copy-Copy-270x270.jpeg 270w, https:\/\/www.heimatverein-wyhl.de\/wp-content\/uploads\/2026\/04\/IMG_0371-Copy-Copy-230x230.jpeg 230w\" sizes=\"auto, (max-width: 351px) 100vw, 351px\" \/><\/a><\/p>\r\n<p>&nbsp;<\/p>\r\n<hr>\r\n<p>&nbsp;<\/p>\r\n<p data-start=\"87\" data-end=\"118\"><strong data-start=\"87\" data-end=\"118\">\u00d6ffnungszeiten Heimatmuseum<\/strong><\/p>\r\n<p data-start=\"120\" data-end=\"280\">Lust auf eine kleine Entdeckungsreise? Dann komm vorbei!<br data-start=\"197\" data-end=\"200\">Ge\u00f6ffnet hat das Heimatmuseum immer am <strong data-start=\"228\" data-end=\"279\">ersten Sonntag im Monat von 15:00 bis 17:00 Uhr<\/strong>.<\/p>\r\n<p data-start=\"282\" data-end=\"363\"><strong data-start=\"282\" data-end=\"294\">Wichtig:<\/strong> Im August geht es in die Sommerpause \u2013 da bleibt das Museum geschlossen.<\/p>\r\n<p data-start=\"365\" data-end=\"443\"><strong data-start=\"365\" data-end=\"389\">Hier findest du uns:<\/strong><br data-start=\"389\" data-end=\"392\">Rathaus<br data-start=\"399\" data-end=\"402\">Hauptstra\u00dfe 9<br data-start=\"415\" data-end=\"418\">79369 Wyhl am Kaiserstuhl<\/p>\r\n<p>&nbsp;<\/p>\r\n<hr>\r\n<h3><b>Wyhler Postkarten &#8211; Dauerausstellung<\/b><\/h3>\r\n<p><a href=\"http:\/\/www.heimatverein-wyhl.de\/wp-content\/uploads\/2026\/01\/Postkarten-1-scaled.jpg\" target=\"_blank\" rel=\"noopener\"><img loading=\"lazy\" decoding=\"async\" class=\"alignright wp-image-814 \" src=\"http:\/\/www.heimatverein-wyhl.de\/wp-content\/uploads\/2026\/01\/Postkarten-1-191x300.jpg\" alt=\"Postkarten Ausstellung\" width=\"192\" height=\"302\" srcset=\"https:\/\/www.heimatverein-wyhl.de\/wp-content\/uploads\/2026\/01\/Postkarten-1-191x300.jpg 191w, https:\/\/www.heimatverein-wyhl.de\/wp-content\/uploads\/2026\/01\/Postkarten-1-652x1024.jpg 652w, https:\/\/www.heimatverein-wyhl.de\/wp-content\/uploads\/2026\/01\/Postkarten-1-768x1207.jpg 768w, https:\/\/www.heimatverein-wyhl.de\/wp-content\/uploads\/2026\/01\/Postkarten-1-977x1536.jpg 977w, https:\/\/www.heimatverein-wyhl.de\/wp-content\/uploads\/2026\/01\/Postkarten-1-1303x2048.jpg 1303w, https:\/\/www.heimatverein-wyhl.de\/wp-content\/uploads\/2026\/01\/Postkarten-1-scaled.jpg 1629w\" sizes=\"auto, (max-width: 192px) 100vw, 192px\" \/><\/a>Wir zeigen gemeinsam mit der Gemeinde eine gro\u00dfe Sammlung historischer Postkarten aus Wyhl. Die Ausstellung zeigt den Werdegang der Postkarte als besonderes Medium der Kommunikation aus unserem Dorf heraus.<br>Ihre Fotografien dokumentieren die Ver\u00e4nderungen aber auch die Best\u00e4ndigkeit des Ortsbildes \u00fcber einen Zeitraum von mehr als 130 Jahren. Die Ausstellung kann das ganze Jahr 2026 besichtigt werden.<br>Der Besuch ist immer zu den \u00d6ffnungszeiten der Gemeindeverwaltung oder des Heimatmuseums&nbsp;<strong>kostenlos<\/strong>&nbsp;m\u00f6glich.<br>Die&nbsp;<strong>Er\u00f6ffnung der Ausstellung findet am Sonntag, 11.01.2026 um 14:00 Uhr im B\u00fcrgersaal<\/strong>&nbsp;statt.<br>Die Bev\u00f6lkerung ist herzlich eingeladen.<br><br>Infoflyer zum Download &#8211; hier klicken: <a href=\"http:\/\/www.heimatverein-wyhl.de\/wp-content\/uploads\/2026\/01\/Flyer-Postkarten-Wyhl.pdf\">Flyer Postkarten Wyhl<\/a><\/p>\r\n<hr>\r\n<h3 style=\"font-weight: 400;\">&#8222;Gemeinsam Geschichte erleben&#8220;<\/h3>\r\n<figure class=\"wp-block-image size-large is-resized\"><\/figure>\r\n","protected":false},"excerpt":{"rendered":"<p>Wir sind der Heimatverein Wyhl a.K. e.V.Das Vorstandsteam Heiko, Manfred, Natascha, J\u00fcrgen, Christine, Thomas, Michaela, J\u00fcrgen, Harald &nbsp; &nbsp; unser neues Logo &nbsp; &nbsp; Herzlich willkommen beim Heimatverein Wyhl e.V.! Geschichte ist mehr als nur Jahreszahlen \u2013 sie ist das,<\/p>\n","protected":false},"author":1,"featured_media":0,"parent":0,"menu_order":0,"comment_status":"closed","ping_status":"closed","template":"","meta":{"ngg_post_thumbnail":0,"footnotes":""},"class_list":["post-13","page","type-page","status-publish","hentry"],"yoast_head":"<!-- This site is optimized with the Yoast SEO plugin v27.5 - https:\/\/yoast.com\/product\/yoast-seo-wordpress\/ -->\n<title>Daheim - Heimatverein Wyhl e.V.<\/title>\n<meta name=\"description\" content=\"Wilkommen beim Heimatverein Wyhl e.v. - Die liebe zur Heimat und Einblicke in das allt\u00e4gliche Leben unserer Vorfahren.\" \/>\n<meta name=\"robots\" content=\"index, follow, max-snippet:-1, max-image-preview:large, max-video-preview:-1\" \/>\n<link rel=\"canonical\" href=\"https:\/\/www.heimatverein-wyhl.de\/\" \/>\n<meta property=\"og:locale\" content=\"de_DE\" \/>\n<meta property=\"og:type\" content=\"article\" \/>\n<meta property=\"og:title\" content=\"Heimatverein - Wyhl am Kaiserstuhl\" \/>\n<meta property=\"og:description\" content=\"Wilkommen beim Heimatverein Wyhl am Kaiserstuhl. Aus Lieber zur Heimat und der Tradition.\" \/>\n<meta property=\"og:url\" content=\"https:\/\/www.heimatverein-wyhl.de\/\" \/>\n<meta property=\"og:site_name\" content=\"Heimatverein Wyhl e.V.\" \/>\n<meta property=\"article:modified_time\" content=\"2026-05-04T06:44:54+00:00\" \/>\n<meta property=\"og:image\" content=\"http:\/\/www.heimatverein-wyhl.de\/wp-content\/uploads\/2020\/11\/Heimatmuseum-1213.jpg\" \/>\n\t<meta property=\"og:image:width\" content=\"2048\" \/>\n\t<meta property=\"og:image:height\" content=\"1365\" \/>\n\t<meta property=\"og:image:type\" content=\"image\/jpeg\" \/>\n<meta name=\"twitter:card\" content=\"summary_large_image\" \/>\n<meta name=\"twitter:title\" content=\"Heimatverein - Wyhl am Kaiserstuhl\" \/>\n<meta name=\"twitter:description\" content=\"Wilkommen beim Heimatverein Wyhl am Kaiserstuhl. Aus Lieber zur Heimat und der Tradition.\" \/>\n<meta name=\"twitter:image\" content=\"https:\/\/www.heimatverein-wyhl.de\/wp-content\/uploads\/2020\/11\/Heimatmuseum-1213.jpg\" \/>\n<meta name=\"twitter:label1\" content=\"Gesch\u00e4tzte Lesezeit\" \/>\n\t<meta name=\"twitter:data1\" content=\"4\u00a0Minuten\" \/>\n<script type=\"application\/ld+json\" class=\"yoast-schema-graph\">{\"@context\":\"https:\\\/\\\/schema.org\",\"@graph\":[{\"@type\":\"WebPage\",\"@id\":\"https:\\\/\\\/www.heimatverein-wyhl.de\\\/\",\"url\":\"https:\\\/\\\/www.heimatverein-wyhl.de\\\/\",\"name\":\"Daheim - Heimatverein Wyhl e.V.\",\"isPartOf\":{\"@id\":\"https:\\\/\\\/www.heimatverein-wyhl.de\\\/#website\"},\"primaryImageOfPage\":{\"@id\":\"https:\\\/\\\/www.heimatverein-wyhl.de\\\/#primaryimage\"},\"image\":{\"@id\":\"https:\\\/\\\/www.heimatverein-wyhl.de\\\/#primaryimage\"},\"thumbnailUrl\":\"http:\\\/\\\/www.heimatverein-wyhl.de\\\/wp-content\\\/uploads\\\/2026\\\/04\\\/IMG_0435-300x200.jpeg\",\"datePublished\":\"2019-06-11T19:05:00+00:00\",\"dateModified\":\"2026-05-04T06:44:54+00:00\",\"description\":\"Wilkommen beim Heimatverein Wyhl e.v. - Die liebe zur Heimat und Einblicke in das allt\u00e4gliche Leben unserer Vorfahren.\",\"breadcrumb\":{\"@id\":\"https:\\\/\\\/www.heimatverein-wyhl.de\\\/#breadcrumb\"},\"inLanguage\":\"de\",\"potentialAction\":[{\"@type\":\"ReadAction\",\"target\":[\"https:\\\/\\\/www.heimatverein-wyhl.de\\\/\"]}]},{\"@type\":\"ImageObject\",\"inLanguage\":\"de\",\"@id\":\"https:\\\/\\\/www.heimatverein-wyhl.de\\\/#primaryimage\",\"url\":\"https:\\\/\\\/www.heimatverein-wyhl.de\\\/wp-content\\\/uploads\\\/2026\\\/04\\\/IMG_0435-scaled.jpeg\",\"contentUrl\":\"https:\\\/\\\/www.heimatverein-wyhl.de\\\/wp-content\\\/uploads\\\/2026\\\/04\\\/IMG_0435-scaled.jpeg\",\"width\":2560,\"height\":1707},{\"@type\":\"BreadcrumbList\",\"@id\":\"https:\\\/\\\/www.heimatverein-wyhl.de\\\/#breadcrumb\",\"itemListElement\":[{\"@type\":\"ListItem\",\"position\":1,\"name\":\"Startseite\",\"item\":\"https:\\\/\\\/www.heimatverein-wyhl.de\\\/\"},{\"@type\":\"ListItem\",\"position\":2,\"name\":\"Daheim\"}]},{\"@type\":\"WebSite\",\"@id\":\"https:\\\/\\\/www.heimatverein-wyhl.de\\\/#website\",\"url\":\"https:\\\/\\\/www.heimatverein-wyhl.de\\\/\",\"name\":\"Heimatverein Wyhl e.V.\",\"description\":\"Herzlich Willkommen beim Heimatverein Wyhl e.V.\",\"potentialAction\":[{\"@type\":\"SearchAction\",\"target\":{\"@type\":\"EntryPoint\",\"urlTemplate\":\"https:\\\/\\\/www.heimatverein-wyhl.de\\\/?s={search_term_string}\"},\"query-input\":{\"@type\":\"PropertyValueSpecification\",\"valueRequired\":true,\"valueName\":\"search_term_string\"}}],\"inLanguage\":\"de\"}]}<\/script>\n<!-- \/ Yoast SEO plugin. -->","yoast_head_json":{"title":"Daheim - Heimatverein Wyhl e.V.","description":"Wilkommen beim Heimatverein Wyhl e.v. - Die liebe zur Heimat und Einblicke in das allt\u00e4gliche Leben unserer Vorfahren.","robots":{"index":"index","follow":"follow","max-snippet":"max-snippet:-1","max-image-preview":"max-image-preview:large","max-video-preview":"max-video-preview:-1"},"canonical":"https:\/\/www.heimatverein-wyhl.de\/","og_locale":"de_DE","og_type":"article","og_title":"Heimatverein - Wyhl am Kaiserstuhl","og_description":"Wilkommen beim Heimatverein Wyhl am Kaiserstuhl. Aus Lieber zur Heimat und der Tradition.","og_url":"https:\/\/www.heimatverein-wyhl.de\/","og_site_name":"Heimatverein Wyhl e.V.","article_modified_time":"2026-05-04T06:44:54+00:00","og_image":[{"width":2048,"height":1365,"url":"http:\/\/www.heimatverein-wyhl.de\/wp-content\/uploads\/2020\/11\/Heimatmuseum-1213.jpg","type":"image\/jpeg"}],"twitter_card":"summary_large_image","twitter_title":"Heimatverein - Wyhl am Kaiserstuhl","twitter_description":"Wilkommen beim Heimatverein Wyhl am Kaiserstuhl. Aus Lieber zur Heimat und der Tradition.","twitter_image":"https:\/\/www.heimatverein-wyhl.de\/wp-content\/uploads\/2020\/11\/Heimatmuseum-1213.jpg","twitter_misc":{"Gesch\u00e4tzte Lesezeit":"4\u00a0Minuten"},"schema":{"@context":"https:\/\/schema.org","@graph":[{"@type":"WebPage","@id":"https:\/\/www.heimatverein-wyhl.de\/","url":"https:\/\/www.heimatverein-wyhl.de\/","name":"Daheim - Heimatverein Wyhl e.V.","isPartOf":{"@id":"https:\/\/www.heimatverein-wyhl.de\/#website"},"primaryImageOfPage":{"@id":"https:\/\/www.heimatverein-wyhl.de\/#primaryimage"},"image":{"@id":"https:\/\/www.heimatverein-wyhl.de\/#primaryimage"},"thumbnailUrl":"http:\/\/www.heimatverein-wyhl.de\/wp-content\/uploads\/2026\/04\/IMG_0435-300x200.jpeg","datePublished":"2019-06-11T19:05:00+00:00","dateModified":"2026-05-04T06:44:54+00:00","description":"Wilkommen beim Heimatverein Wyhl e.v. - Die liebe zur Heimat und Einblicke in das allt\u00e4gliche Leben unserer Vorfahren.","breadcrumb":{"@id":"https:\/\/www.heimatverein-wyhl.de\/#breadcrumb"},"inLanguage":"de","potentialAction":[{"@type":"ReadAction","target":["https:\/\/www.heimatverein-wyhl.de\/"]}]},{"@type":"ImageObject","inLanguage":"de","@id":"https:\/\/www.heimatverein-wyhl.de\/#primaryimage","url":"https:\/\/www.heimatverein-wyhl.de\/wp-content\/uploads\/2026\/04\/IMG_0435-scaled.jpeg","contentUrl":"https:\/\/www.heimatverein-wyhl.de\/wp-content\/uploads\/2026\/04\/IMG_0435-scaled.jpeg","width":2560,"height":1707},{"@type":"BreadcrumbList","@id":"https:\/\/www.heimatverein-wyhl.de\/#breadcrumb","itemListElement":[{"@type":"ListItem","position":1,"name":"Startseite","item":"https:\/\/www.heimatverein-wyhl.de\/"},{"@type":"ListItem","position":2,"name":"Daheim"}]},{"@type":"WebSite","@id":"https:\/\/www.heimatverein-wyhl.de\/#website","url":"https:\/\/www.heimatverein-wyhl.de\/","name":"Heimatverein Wyhl e.V.","description":"Herzlich Willkommen beim Heimatverein Wyhl e.V.","potentialAction":[{"@type":"SearchAction","target":{"@type":"EntryPoint","urlTemplate":"https:\/\/www.heimatverein-wyhl.de\/?s={search_term_string}"},"query-input":{"@type":"PropertyValueSpecification","valueRequired":true,"valueName":"search_term_string"}}],"inLanguage":"de"}]}},"_links":{"self":[{"href":"https:\/\/www.heimatverein-wyhl.de\/index.php?rest_route=\/wp\/v2\/pages\/13","targetHints":{"allow":["GET"]}}],"collection":[{"href":"https:\/\/www.heimatverein-wyhl.de\/index.php?rest_route=\/wp\/v2\/pages"}],"about":[{"href":"https:\/\/www.heimatverein-wyhl.de\/index.php?rest_route=\/wp\/v2\/types\/page"}],"author":[{"embeddable":true,"href":"https:\/\/www.heimatverein-wyhl.de\/index.php?rest_route=\/wp\/v2\/users\/1"}],"replies":[{"embeddable":true,"href":"https:\/\/www.heimatverein-wyhl.de\/index.php?rest_route=%2Fwp%2Fv2%2Fcomments&post=13"}],"version-history":[{"count":59,"href":"https:\/\/www.heimatverein-wyhl.de\/index.php?rest_route=\/wp\/v2\/pages\/13\/revisions"}],"predecessor-version":[{"id":1039,"href":"https:\/\/www.heimatverein-wyhl.de\/index.php?rest_route=\/wp\/v2\/pages\/13\/revisions\/1039"}],"wp:attachment":[{"href":"https:\/\/www.heimatverein-wyhl.de\/index.php?rest_route=%2Fwp%2Fv2%2Fmedia&parent=13"}],"curies":[{"name":"wp","href":"https:\/\/api.w.org\/{rel}","templated":true}]}}