{"id":323,"date":"2021-01-06T13:46:14","date_gmt":"2021-01-06T13:46:14","guid":{"rendered":"http:\/\/www.heimatverein-wyhl.de\/?page_id=323"},"modified":"2021-02-09T21:11:45","modified_gmt":"2021-02-09T21:11:45","slug":"historischer-orts-rundgang","status":"publish","type":"page","link":"https:\/\/www.heimatverein-wyhl.de\/?page_id=323","title":{"rendered":"Historischer Orts-Rundgang"},"content":{"rendered":"\n<p>Die Gemeinde Wyhl beschlie\u00dft in einer Gemeinderatsitzung einstimmig einen Historischen Rundweg anzulegen.<\/p>\n\n\n\n<p> Der Heimatverein befindet sich gerade am Aufbau des historischen Rundweg durch Wyhl.<\/p>\n\n\n\n<p>Denkm\u00e4ler, Pl\u00e4tze und Geb\u00e4ude erz\u00e4hlen in Form eines Schildes Wyhler Geschichte.<\/p>\n\n\n\n<p>In Zusammenarbeit mit dem Werbetechniker Niklas Weber werden in loser Form Schilder an den jeweiligen Geb\u00e4uden angebracht.<\/p>\n\n\n\nngg_shortcode_0_placeholder\n\n\n\n<p><\/p>\n","protected":false},"excerpt":{"rendered":"<p>Die Gemeinde Wyhl beschlie\u00dft in einer Gemeinderatsitzung einstimmig einen Historischen Rundweg anzulegen. Der Heimatverein befindet sich gerade am Aufbau des historischen Rundweg durch Wyhl. Denkm\u00e4ler, Pl\u00e4tze und Geb\u00e4ude erz\u00e4hlen in Form eines Schildes Wyhler Geschichte. In Zusammenarbeit mit dem Werbetechniker<\/p>\n","protected":false},"author":1,"featured_media":0,"parent":0,"menu_order":0,"comment_status":"closed","ping_status":"closed","template":"","meta":{"ngg_post_thumbnail":0,"footnotes":""},"class_list":["post-323","page","type-page","status-publish","hentry"],"yoast_head":"<!-- This site is optimized with the Yoast SEO plugin v27.4 - https:\/\/yoast.com\/product\/yoast-seo-wordpress\/ -->\n<title>Historischer Orts-Rundgang - Heimatverein Wyhl e.V.<\/title>\n<meta name=\"robots\" content=\"index, follow, max-snippet:-1, max-image-preview:large, max-video-preview:-1\" \/>\n<link rel=\"canonical\" href=\"https:\/\/www.heimatverein-wyhl.de\/?page_id=323\" \/>\n<meta property=\"og:locale\" content=\"de_DE\" \/>\n<meta property=\"og:type\" content=\"article\" \/>\n<meta property=\"og:title\" content=\"Historischer Orts-Rundgang - Heimatverein Wyhl e.V.\" \/>\n<meta property=\"og:description\" content=\"Die Gemeinde Wyhl beschlie\u00dft in einer Gemeinderatsitzung einstimmig einen Historischen Rundweg anzulegen. Der Heimatverein befindet sich gerade am Aufbau des historischen Rundweg durch Wyhl. Denkm\u00e4ler, Pl\u00e4tze und Geb\u00e4ude erz\u00e4hlen in Form eines Schildes Wyhler Geschichte. In Zusammenarbeit mit dem Werbetechniker\" \/>\n<meta property=\"og:url\" content=\"https:\/\/www.heimatverein-wyhl.de\/?page_id=323\" \/>\n<meta property=\"og:site_name\" content=\"Heimatverein Wyhl e.V.\" \/>\n<meta property=\"article:modified_time\" content=\"2021-02-09T21:11:45+00:00\" \/>\n<meta name=\"twitter:card\" content=\"summary_large_image\" \/>\n<meta name=\"twitter:label1\" content=\"Gesch\u00e4tzte Lesezeit\" \/>\n\t<meta name=\"twitter:data1\" content=\"1\u00a0Minute\" \/>\n<script type=\"application\/ld+json\" class=\"yoast-schema-graph\">{\"@context\":\"https:\\\/\\\/schema.org\",\"@graph\":[{\"@type\":\"WebPage\",\"@id\":\"https:\\\/\\\/www.heimatverein-wyhl.de\\\/?page_id=323\",\"url\":\"https:\\\/\\\/www.heimatverein-wyhl.de\\\/?page_id=323\",\"name\":\"Historischer Orts-Rundgang - Heimatverein Wyhl e.V.\",\"isPartOf\":{\"@id\":\"https:\\\/\\\/www.heimatverein-wyhl.de\\\/#website\"},\"datePublished\":\"2021-01-06T13:46:14+00:00\",\"dateModified\":\"2021-02-09T21:11:45+00:00\",\"breadcrumb\":{\"@id\":\"https:\\\/\\\/www.heimatverein-wyhl.de\\\/?page_id=323#breadcrumb\"},\"inLanguage\":\"de\",\"potentialAction\":[{\"@type\":\"ReadAction\",\"target\":[\"https:\\\/\\\/www.heimatverein-wyhl.de\\\/?page_id=323\"]}]},{\"@type\":\"BreadcrumbList\",\"@id\":\"https:\\\/\\\/www.heimatverein-wyhl.de\\\/?page_id=323#breadcrumb\",\"itemListElement\":[{\"@type\":\"ListItem\",\"position\":1,\"name\":\"Startseite\",\"item\":\"https:\\\/\\\/www.heimatverein-wyhl.de\\\/\"},{\"@type\":\"ListItem\",\"position\":2,\"name\":\"Historischer Orts-Rundgang\"}]},{\"@type\":\"WebSite\",\"@id\":\"https:\\\/\\\/www.heimatverein-wyhl.de\\\/#website\",\"url\":\"https:\\\/\\\/www.heimatverein-wyhl.de\\\/\",\"name\":\"Heimatverein Wyhl e.V.\",\"description\":\"Herzlich Willkommen beim Heimatverein Wyhl e.V.\",\"potentialAction\":[{\"@type\":\"SearchAction\",\"target\":{\"@type\":\"EntryPoint\",\"urlTemplate\":\"https:\\\/\\\/www.heimatverein-wyhl.de\\\/?s={search_term_string}\"},\"query-input\":{\"@type\":\"PropertyValueSpecification\",\"valueRequired\":true,\"valueName\":\"search_term_string\"}}],\"inLanguage\":\"de\"}]}<\/script>\n<!-- \/ Yoast SEO plugin. -->","yoast_head_json":{"title":"Historischer Orts-Rundgang - Heimatverein Wyhl e.V.","robots":{"index":"index","follow":"follow","max-snippet":"max-snippet:-1","max-image-preview":"max-image-preview:large","max-video-preview":"max-video-preview:-1"},"canonical":"https:\/\/www.heimatverein-wyhl.de\/?page_id=323","og_locale":"de_DE","og_type":"article","og_title":"Historischer Orts-Rundgang - Heimatverein Wyhl e.V.","og_description":"Die Gemeinde Wyhl beschlie\u00dft in einer Gemeinderatsitzung einstimmig einen Historischen Rundweg anzulegen. Der Heimatverein befindet sich gerade am Aufbau des historischen Rundweg durch Wyhl. Denkm\u00e4ler, Pl\u00e4tze und Geb\u00e4ude erz\u00e4hlen in Form eines Schildes Wyhler Geschichte. In Zusammenarbeit mit dem Werbetechniker","og_url":"https:\/\/www.heimatverein-wyhl.de\/?page_id=323","og_site_name":"Heimatverein Wyhl e.V.","article_modified_time":"2021-02-09T21:11:45+00:00","twitter_card":"summary_large_image","twitter_misc":{"Gesch\u00e4tzte Lesezeit":"1\u00a0Minute"},"schema":{"@context":"https:\/\/schema.org","@graph":[{"@type":"WebPage","@id":"https:\/\/www.heimatverein-wyhl.de\/?page_id=323","url":"https:\/\/www.heimatverein-wyhl.de\/?page_id=323","name":"Historischer Orts-Rundgang - Heimatverein Wyhl e.V.","isPartOf":{"@id":"https:\/\/www.heimatverein-wyhl.de\/#website"},"datePublished":"2021-01-06T13:46:14+00:00","dateModified":"2021-02-09T21:11:45+00:00","breadcrumb":{"@id":"https:\/\/www.heimatverein-wyhl.de\/?page_id=323#breadcrumb"},"inLanguage":"de","potentialAction":[{"@type":"ReadAction","target":["https:\/\/www.heimatverein-wyhl.de\/?page_id=323"]}]},{"@type":"BreadcrumbList","@id":"https:\/\/www.heimatverein-wyhl.de\/?page_id=323#breadcrumb","itemListElement":[{"@type":"ListItem","position":1,"name":"Startseite","item":"https:\/\/www.heimatverein-wyhl.de\/"},{"@type":"ListItem","position":2,"name":"Historischer Orts-Rundgang"}]},{"@type":"WebSite","@id":"https:\/\/www.heimatverein-wyhl.de\/#website","url":"https:\/\/www.heimatverein-wyhl.de\/","name":"Heimatverein Wyhl e.V.","description":"Herzlich Willkommen beim Heimatverein Wyhl e.V.","potentialAction":[{"@type":"SearchAction","target":{"@type":"EntryPoint","urlTemplate":"https:\/\/www.heimatverein-wyhl.de\/?s={search_term_string}"},"query-input":{"@type":"PropertyValueSpecification","valueRequired":true,"valueName":"search_term_string"}}],"inLanguage":"de"}]}},"_links":{"self":[{"href":"https:\/\/www.heimatverein-wyhl.de\/index.php?rest_route=\/wp\/v2\/pages\/323","targetHints":{"allow":["GET"]}}],"collection":[{"href":"https:\/\/www.heimatverein-wyhl.de\/index.php?rest_route=\/wp\/v2\/pages"}],"about":[{"href":"https:\/\/www.heimatverein-wyhl.de\/index.php?rest_route=\/wp\/v2\/types\/page"}],"author":[{"embeddable":true,"href":"https:\/\/www.heimatverein-wyhl.de\/index.php?rest_route=\/wp\/v2\/users\/1"}],"replies":[{"embeddable":true,"href":"https:\/\/www.heimatverein-wyhl.de\/index.php?rest_route=%2Fwp%2Fv2%2Fcomments&post=323"}],"version-history":[{"count":7,"href":"https:\/\/www.heimatverein-wyhl.de\/index.php?rest_route=\/wp\/v2\/pages\/323\/revisions"}],"predecessor-version":[{"id":544,"href":"https:\/\/www.heimatverein-wyhl.de\/index.php?rest_route=\/wp\/v2\/pages\/323\/revisions\/544"}],"wp:attachment":[{"href":"https:\/\/www.heimatverein-wyhl.de\/index.php?rest_route=%2Fwp%2Fv2%2Fmedia&parent=323"}],"curies":[{"name":"wp","href":"https:\/\/api.w.org\/{rel}","templated":true}]}}