{"id":352,"date":"2021-01-06T14:03:32","date_gmt":"2021-01-06T14:03:32","guid":{"rendered":"http:\/\/www.heimatverein-wyhl.de\/?page_id=352"},"modified":"2026-04-18T12:42:33","modified_gmt":"2026-04-18T12:42:33","slug":"mitglied-werden","status":"publish","type":"page","link":"https:\/\/www.heimatverein-wyhl.de\/?page_id=352","title":{"rendered":"Mitglied werden"},"content":{"rendered":"\r\n\r\n\r\n<h3>Gerne k\u00f6nnt ihr Mitglied bei uns werden&#8230;. <br>\u00fcber neue Geschichten und tatkr\u00e4ftige Unterst\u00fctzung w\u00fcrden wir uns sehr freuen.<\/h3>\r\n<p><a href=\"http:\/\/www.heimatverein-wyhl.de\/wp-content\/uploads\/2026\/04\/Beitrittserklaerung.pdf\" target=\"_blank\" rel=\"noopener\">Beitrittserkl\u00e4rung<\/a><\/p>\r\n<p>&nbsp;<\/p>\r\n","protected":false},"excerpt":{"rendered":"<p>Gerne k\u00f6nnt ihr Mitglied bei uns werden&#8230;. \u00fcber neue Geschichten und tatkr\u00e4ftige Unterst\u00fctzung w\u00fcrden wir uns sehr freuen. Beitrittserkl\u00e4rung &nbsp;<\/p>\n","protected":false},"author":1,"featured_media":0,"parent":35,"menu_order":0,"comment_status":"closed","ping_status":"closed","template":"","meta":{"ngg_post_thumbnail":0,"footnotes":""},"class_list":["post-352","page","type-page","status-publish","hentry"],"yoast_head":"<!-- This site is optimized with the Yoast SEO plugin v27.6 - https:\/\/yoast.com\/product\/yoast-seo-wordpress\/ -->\n<title>Mitglied werden - Heimatverein Wyhl e.V.<\/title>\n<meta name=\"robots\" content=\"index, follow, max-snippet:-1, max-image-preview:large, max-video-preview:-1\" \/>\n<link rel=\"canonical\" href=\"https:\/\/www.heimatverein-wyhl.de\/?page_id=352\" \/>\n<meta property=\"og:locale\" content=\"de_DE\" \/>\n<meta property=\"og:type\" content=\"article\" \/>\n<meta property=\"og:title\" content=\"Mitglied werden - Heimatverein Wyhl e.V.\" \/>\n<meta property=\"og:description\" content=\"Gerne k\u00f6nnt ihr Mitglied bei uns werden&#8230;. \u00fcber neue Geschichten und tatkr\u00e4ftige Unterst\u00fctzung w\u00fcrden wir uns sehr freuen. Beitrittserkl\u00e4rung &nbsp;\" \/>\n<meta property=\"og:url\" content=\"https:\/\/www.heimatverein-wyhl.de\/?page_id=352\" \/>\n<meta property=\"og:site_name\" content=\"Heimatverein Wyhl e.V.\" \/>\n<meta property=\"article:modified_time\" content=\"2026-04-18T12:42:33+00:00\" \/>\n<meta name=\"twitter:card\" content=\"summary_large_image\" \/>\n<meta name=\"twitter:label1\" content=\"Gesch\u00e4tzte Lesezeit\" \/>\n\t<meta name=\"twitter:data1\" content=\"1\u00a0Minute\" \/>\n<script type=\"application\/ld+json\" class=\"yoast-schema-graph\">{\"@context\":\"https:\\\/\\\/schema.org\",\"@graph\":[{\"@type\":\"WebPage\",\"@id\":\"https:\\\/\\\/www.heimatverein-wyhl.de\\\/?page_id=352\",\"url\":\"https:\\\/\\\/www.heimatverein-wyhl.de\\\/?page_id=352\",\"name\":\"Mitglied werden - Heimatverein Wyhl e.V.\",\"isPartOf\":{\"@id\":\"https:\\\/\\\/www.heimatverein-wyhl.de\\\/#website\"},\"datePublished\":\"2021-01-06T14:03:32+00:00\",\"dateModified\":\"2026-04-18T12:42:33+00:00\",\"breadcrumb\":{\"@id\":\"https:\\\/\\\/www.heimatverein-wyhl.de\\\/?page_id=352#breadcrumb\"},\"inLanguage\":\"de\",\"potentialAction\":[{\"@type\":\"ReadAction\",\"target\":[\"https:\\\/\\\/www.heimatverein-wyhl.de\\\/?page_id=352\"]}]},{\"@type\":\"BreadcrumbList\",\"@id\":\"https:\\\/\\\/www.heimatverein-wyhl.de\\\/?page_id=352#breadcrumb\",\"itemListElement\":[{\"@type\":\"ListItem\",\"position\":1,\"name\":\"Startseite\",\"item\":\"https:\\\/\\\/www.heimatverein-wyhl.de\\\/\"},{\"@type\":\"ListItem\",\"position\":2,\"name\":\"Kontakt\",\"item\":\"https:\\\/\\\/www.heimatverein-wyhl.de\\\/?page_id=35\"},{\"@type\":\"ListItem\",\"position\":3,\"name\":\"Mitglied werden\"}]},{\"@type\":\"WebSite\",\"@id\":\"https:\\\/\\\/www.heimatverein-wyhl.de\\\/#website\",\"url\":\"https:\\\/\\\/www.heimatverein-wyhl.de\\\/\",\"name\":\"Heimatverein Wyhl e.V.\",\"description\":\"Herzlich Willkommen beim Heimatverein Wyhl e.V.\",\"potentialAction\":[{\"@type\":\"SearchAction\",\"target\":{\"@type\":\"EntryPoint\",\"urlTemplate\":\"https:\\\/\\\/www.heimatverein-wyhl.de\\\/?s={search_term_string}\"},\"query-input\":{\"@type\":\"PropertyValueSpecification\",\"valueRequired\":true,\"valueName\":\"search_term_string\"}}],\"inLanguage\":\"de\"}]}<\/script>\n<!-- \/ Yoast SEO plugin. -->","yoast_head_json":{"title":"Mitglied werden - Heimatverein Wyhl e.V.","robots":{"index":"index","follow":"follow","max-snippet":"max-snippet:-1","max-image-preview":"max-image-preview:large","max-video-preview":"max-video-preview:-1"},"canonical":"https:\/\/www.heimatverein-wyhl.de\/?page_id=352","og_locale":"de_DE","og_type":"article","og_title":"Mitglied werden - Heimatverein Wyhl e.V.","og_description":"Gerne k\u00f6nnt ihr Mitglied bei uns werden&#8230;. \u00fcber neue Geschichten und tatkr\u00e4ftige Unterst\u00fctzung w\u00fcrden wir uns sehr freuen. Beitrittserkl\u00e4rung &nbsp;","og_url":"https:\/\/www.heimatverein-wyhl.de\/?page_id=352","og_site_name":"Heimatverein Wyhl e.V.","article_modified_time":"2026-04-18T12:42:33+00:00","twitter_card":"summary_large_image","twitter_misc":{"Gesch\u00e4tzte Lesezeit":"1\u00a0Minute"},"schema":{"@context":"https:\/\/schema.org","@graph":[{"@type":"WebPage","@id":"https:\/\/www.heimatverein-wyhl.de\/?page_id=352","url":"https:\/\/www.heimatverein-wyhl.de\/?page_id=352","name":"Mitglied werden - Heimatverein Wyhl e.V.","isPartOf":{"@id":"https:\/\/www.heimatverein-wyhl.de\/#website"},"datePublished":"2021-01-06T14:03:32+00:00","dateModified":"2026-04-18T12:42:33+00:00","breadcrumb":{"@id":"https:\/\/www.heimatverein-wyhl.de\/?page_id=352#breadcrumb"},"inLanguage":"de","potentialAction":[{"@type":"ReadAction","target":["https:\/\/www.heimatverein-wyhl.de\/?page_id=352"]}]},{"@type":"BreadcrumbList","@id":"https:\/\/www.heimatverein-wyhl.de\/?page_id=352#breadcrumb","itemListElement":[{"@type":"ListItem","position":1,"name":"Startseite","item":"https:\/\/www.heimatverein-wyhl.de\/"},{"@type":"ListItem","position":2,"name":"Kontakt","item":"https:\/\/www.heimatverein-wyhl.de\/?page_id=35"},{"@type":"ListItem","position":3,"name":"Mitglied werden"}]},{"@type":"WebSite","@id":"https:\/\/www.heimatverein-wyhl.de\/#website","url":"https:\/\/www.heimatverein-wyhl.de\/","name":"Heimatverein Wyhl e.V.","description":"Herzlich Willkommen beim Heimatverein Wyhl e.V.","potentialAction":[{"@type":"SearchAction","target":{"@type":"EntryPoint","urlTemplate":"https:\/\/www.heimatverein-wyhl.de\/?s={search_term_string}"},"query-input":{"@type":"PropertyValueSpecification","valueRequired":true,"valueName":"search_term_string"}}],"inLanguage":"de"}]}},"_links":{"self":[{"href":"https:\/\/www.heimatverein-wyhl.de\/index.php?rest_route=\/wp\/v2\/pages\/352","targetHints":{"allow":["GET"]}}],"collection":[{"href":"https:\/\/www.heimatverein-wyhl.de\/index.php?rest_route=\/wp\/v2\/pages"}],"about":[{"href":"https:\/\/www.heimatverein-wyhl.de\/index.php?rest_route=\/wp\/v2\/types\/page"}],"author":[{"embeddable":true,"href":"https:\/\/www.heimatverein-wyhl.de\/index.php?rest_route=\/wp\/v2\/users\/1"}],"replies":[{"embeddable":true,"href":"https:\/\/www.heimatverein-wyhl.de\/index.php?rest_route=%2Fwp%2Fv2%2Fcomments&post=352"}],"version-history":[{"count":8,"href":"https:\/\/www.heimatverein-wyhl.de\/index.php?rest_route=\/wp\/v2\/pages\/352\/revisions"}],"predecessor-version":[{"id":890,"href":"https:\/\/www.heimatverein-wyhl.de\/index.php?rest_route=\/wp\/v2\/pages\/352\/revisions\/890"}],"up":[{"embeddable":true,"href":"https:\/\/www.heimatverein-wyhl.de\/index.php?rest_route=\/wp\/v2\/pages\/35"}],"wp:attachment":[{"href":"https:\/\/www.heimatverein-wyhl.de\/index.php?rest_route=%2Fwp%2Fv2%2Fmedia&parent=352"}],"curies":[{"name":"wp","href":"https:\/\/api.w.org\/{rel}","templated":true}]}}